{"id":33327,"date":"2025-01-25T11:45:19","date_gmt":"2025-01-25T10:45:19","guid":{"rendered":"https:\/\/www.princess-yachts.nl\/?page_id=33327"},"modified":"2025-12-05T13:54:35","modified_gmt":"2025-12-05T12:54:35","slug":"boot-dusseldorf-2026","status":"publish","type":"page","link":"https:\/\/www.princess-yachts.nl\/de\/boot-dusseldorf-2026\/","title":{"rendered":"Boot D\u00fcsseldorf 2026"},"content":{"rendered":"\n<h2 class=\"wp-block-heading\">Samstag 18 januari \u2013 Sonntag 25 januari 2026<\/h2>\n\n\n\n<p>Vom 17. bis 25. Januar 2026 findet in der Messe D\u00fcsseldorf die 57. Ausgabe Europas gr\u00f6\u00dfter Wassersportmesse statt: die boot D\u00fcsseldorf. Neun Tage lang ist D\u00fcsseldorf das absolute Zentrum des internationalen Wassersports. Wir laden Sie herzlich ein, an Bord einer wundersch\u00f6nen Auswahl an Yachten zu kommen. Traditionell finden Sie Princess Yachts in Halle 6.<\/p>\n\n\n\n<p><strong>Line-up<\/strong>: <\/p>\n\n\n\n<p>Princess V50, V55, F58, F65, X80<\/p>\n\n\n\n<figure class=\"wp-block-image size-full is-style-default\"><img loading=\"lazy\" decoding=\"async\" width=\"2048\" height=\"1126\" src=\"https:\/\/www.princess-yachts.nl\/wp-content\/uploads\/2024\/01\/00-key-IMG_2637.jpg\" alt=\"\" class=\"wp-image-29235\" srcset=\"https:\/\/www.princess-yachts.nl\/wp-content\/uploads\/2024\/01\/00-key-IMG_2637.jpg 2048w, https:\/\/www.princess-yachts.nl\/wp-content\/uploads\/2024\/01\/00-key-IMG_2637-1536x845.jpg 1536w\" sizes=\"auto, (max-width: 2048px) 100vw, 2048px\" \/><\/figure>\n\n\n\n<p>Wir freuen uns sehr auf diese sch\u00f6ne Veranstaltung und hoffen, Sie dort an Bord begr\u00fc\u00dfen zu d\u00fcrfen.<\/p>\n\n\n\n\n<div class=\"wpcf7 no-js\" id=\"wpcf7-f23012-o1\" lang=\"nl-NL\" dir=\"ltr\" data-wpcf7-id=\"23012\">\n<div class=\"screen-reader-response\"><p role=\"status\" aria-live=\"polite\" aria-atomic=\"true\"><\/p> <ul><\/ul><\/div>\n<form action=\"\/de\/wp-json\/wp\/v2\/pages\/33327#wpcf7-f23012-o1\" method=\"post\" class=\"wpcf7-form init\" aria-label=\"Contactformulier\" novalidate=\"novalidate\" data-status=\"init\">\n<fieldset class=\"hidden-fields-container\"><input type=\"hidden\" name=\"_wpcf7\" value=\"23012\" \/><input type=\"hidden\" name=\"_wpcf7_version\" value=\"6.1.5\" \/><input type=\"hidden\" name=\"_wpcf7_locale\" value=\"nl_NL\" \/><input type=\"hidden\" name=\"_wpcf7_unit_tag\" value=\"wpcf7-f23012-o1\" \/><input type=\"hidden\" name=\"_wpcf7_container_post\" value=\"0\" \/><input type=\"hidden\" name=\"_wpcf7_posted_data_hash\" value=\"\" \/>\n<\/fieldset>\n<p><label>Ihre Nahme<\/label><br \/>\n<span class=\"wpcf7-form-control-wrap\" data-name=\"your-name\"><input size=\"40\" maxlength=\"400\" class=\"wpcf7-form-control wpcf7-text wpcf7-validates-as-required\" aria-required=\"true\" aria-invalid=\"false\" value=\"\" type=\"text\" name=\"your-name\" \/><\/span>\n<\/p>\n<p><label>Ihre E-mail<\/label><br \/>\n<span class=\"wpcf7-form-control-wrap\" data-name=\"your-email\"><input size=\"40\" maxlength=\"400\" class=\"wpcf7-form-control wpcf7-email wpcf7-validates-as-required wpcf7-text wpcf7-validates-as-email\" aria-required=\"true\" aria-invalid=\"false\" value=\"\" type=\"email\" name=\"your-email\" \/><\/span>\n<\/p>\n<p><label>Ihre Telefonnummer (wenn Sie telefonischen Kontakt bevorzugen)<\/label><br \/>\n<span class=\"wpcf7-form-control-wrap\" data-name=\"your-phone\"><input size=\"40\" maxlength=\"400\" class=\"wpcf7-form-control wpcf7-text\" aria-invalid=\"false\" value=\"\" type=\"text\" name=\"your-phone\" \/><\/span>\n<\/p>\n<p><label>Ihre Interessen<\/label><br \/>\n<span class=\"wpcf7-form-control-wrap\" data-name=\"select-793\"><select class=\"wpcf7-form-control wpcf7-select\" aria-invalid=\"false\" name=\"select-793\"><option value=\"x-class\">x-class<\/option><option value=\"y-class\">y-class<\/option><option value=\"s-class\">s-class<\/option><option value=\"v-class\">v-class<\/option><option value=\"f-class\">f-class<\/option><option value=\"c-class\">c-class<\/option><\/select><\/span>\n<\/p>\n<p><label>Bemarkungen<\/label><br \/>\n<span class=\"wpcf7-form-control-wrap\" data-name=\"remarks\"><textarea cols=\"40\" rows=\"10\" maxlength=\"2000\" class=\"wpcf7-form-control wpcf7-textarea\" aria-invalid=\"false\" name=\"remarks\"><\/textarea><\/span>\n<\/p>\n<p><label>8+22=?<\/label><br \/>\n<span class=\"wpcf7-form-control-wrap\" data-name=\"math-quiz\"><label><span class=\"wpcf7-quiz-label\">8+22=?<\/span> <input size=\"40\" class=\"wpcf7-form-control wpcf7-quiz\" autocomplete=\"off\" aria-required=\"true\" aria-invalid=\"false\" type=\"text\" name=\"math-quiz\" \/><\/label><input type=\"hidden\" name=\"_wpcf7_quiz_answer_math-quiz\" value=\"4868a8f6184fc37aeba49fd4c6453115\" \/><\/span>\n<\/p>\n<p><input class=\"wpcf7-form-control wpcf7-submit has-spinner\" type=\"submit\" value=\"Anfrage senden\" \/>\n<\/p><div class=\"wpcf7-response-output\" aria-hidden=\"true\"><\/div>\n<\/form>\n<\/div>\n\n\n\n\n\n\n\n\n\n","protected":false},"excerpt":{"rendered":"Samstag 18 januari \u2013 Sonntag 25 januari 2026 Vom 17. bis 25. Januar 2026 findet in der Messe D\u00fcsseldorf die 57. Ausgabe Europas gr\u00f6\u00dfter Wassersportmesse statt: die boot D\u00fcsseldorf. Neun Tage lang ist D\u00fcsseldorf das absolute Zentrum des internationalen Wassersports. Wir laden Sie herzlich ein, an Bord einer wundersch\u00f6nen Auswahl an Yachten zu kommen. Traditionell [&hellip;]","protected":false},"author":2,"featured_media":0,"parent":0,"menu_order":0,"comment_status":"closed","ping_status":"closed","template":"","meta":{"_acf_changed":false,"footnotes":""},"class_list":["post-33327","page","type-page","status-publish","hentry"],"acf":[],"yoast_head":"<!-- This site is optimized with the Yoast SEO plugin v27.4 - https:\/\/yoast.com\/product\/yoast-seo-wordpress\/ -->\n<title>Boot D\u00fcsseldorf 2026 - Princess Yachts Benelux BV<\/title>\n<meta name=\"robots\" content=\"index, follow, max-snippet:-1, max-image-preview:large, max-video-preview:-1\" \/>\n<link rel=\"canonical\" href=\"https:\/\/www.princess-yachts.nl\/de\/boot-dusseldorf-2026\/\" \/>\n<meta property=\"og:locale\" content=\"de_DE\" \/>\n<meta property=\"og:type\" content=\"article\" \/>\n<meta property=\"og:title\" content=\"Boot D\u00fcsseldorf 2026 - Princess Yachts Benelux BV\" \/>\n<meta property=\"og:description\" content=\"Samstag 18 januari \u2013 Sonntag 25 januari 2026 Vom 17. bis 25. Januar 2026 findet in der Messe D\u00fcsseldorf die 57. Ausgabe Europas gr\u00f6\u00dfter Wassersportmesse statt: die boot D\u00fcsseldorf. Neun Tage lang ist D\u00fcsseldorf das absolute Zentrum des internationalen Wassersports. Wir laden Sie herzlich ein, an Bord einer wundersch\u00f6nen Auswahl an Yachten zu kommen. Traditionell [&hellip;]\" \/>\n<meta property=\"og:url\" content=\"https:\/\/www.princess-yachts.nl\/de\/boot-dusseldorf-2026\/\" \/>\n<meta property=\"og:site_name\" content=\"Princess Yachts Benelux BV\" \/>\n<meta property=\"article:modified_time\" content=\"2025-12-05T12:54:35+00:00\" \/>\n<meta property=\"og:image\" content=\"https:\/\/www.princess-yachts.nl\/wp-content\/uploads\/2024\/01\/00-key-IMG_2637.jpg\" \/>\n\t<meta property=\"og:image:width\" content=\"2048\" \/>\n\t<meta property=\"og:image:height\" content=\"1126\" \/>\n\t<meta property=\"og:image:type\" content=\"image\/jpeg\" \/>\n<meta name=\"twitter:card\" content=\"summary_large_image\" \/>\n<meta name=\"twitter:label1\" content=\"Gesch\u00e4tzte Lesezeit\" \/>\n\t<meta name=\"twitter:data1\" content=\"1\u00a0Minute\" \/>\n<script type=\"application\/ld+json\" class=\"yoast-schema-graph\">{\"@context\":\"https:\\\/\\\/schema.org\",\"@graph\":[{\"@type\":\"WebPage\",\"@id\":\"https:\\\/\\\/www.princess-yachts.nl\\\/de\\\/boot-dusseldorf-2026\\\/\",\"url\":\"https:\\\/\\\/www.princess-yachts.nl\\\/de\\\/boot-dusseldorf-2026\\\/\",\"name\":\"Boot D\u00fcsseldorf 2026 - Princess Yachts Benelux BV\",\"isPartOf\":{\"@id\":\"https:\\\/\\\/www.princess-yachts.nl\\\/de\\\/#website\"},\"primaryImageOfPage\":{\"@id\":\"https:\\\/\\\/www.princess-yachts.nl\\\/de\\\/boot-dusseldorf-2026\\\/#primaryimage\"},\"image\":{\"@id\":\"https:\\\/\\\/www.princess-yachts.nl\\\/de\\\/boot-dusseldorf-2026\\\/#primaryimage\"},\"thumbnailUrl\":\"https:\\\/\\\/www.princess-yachts.nl\\\/wp-content\\\/uploads\\\/2024\\\/01\\\/00-key-IMG_2637.jpg\",\"datePublished\":\"2025-01-25T10:45:19+00:00\",\"dateModified\":\"2025-12-05T12:54:35+00:00\",\"breadcrumb\":{\"@id\":\"https:\\\/\\\/www.princess-yachts.nl\\\/de\\\/boot-dusseldorf-2026\\\/#breadcrumb\"},\"inLanguage\":\"de\",\"potentialAction\":[{\"@type\":\"ReadAction\",\"target\":[\"https:\\\/\\\/www.princess-yachts.nl\\\/de\\\/boot-dusseldorf-2026\\\/\"]}]},{\"@type\":\"ImageObject\",\"inLanguage\":\"de\",\"@id\":\"https:\\\/\\\/www.princess-yachts.nl\\\/de\\\/boot-dusseldorf-2026\\\/#primaryimage\",\"url\":\"https:\\\/\\\/www.princess-yachts.nl\\\/wp-content\\\/uploads\\\/2024\\\/01\\\/00-key-IMG_2637.jpg\",\"contentUrl\":\"https:\\\/\\\/www.princess-yachts.nl\\\/wp-content\\\/uploads\\\/2024\\\/01\\\/00-key-IMG_2637.jpg\"},{\"@type\":\"BreadcrumbList\",\"@id\":\"https:\\\/\\\/www.princess-yachts.nl\\\/de\\\/boot-dusseldorf-2026\\\/#breadcrumb\",\"itemListElement\":[{\"@type\":\"ListItem\",\"position\":1,\"name\":\"Home\",\"item\":\"https:\\\/\\\/www.princess-yachts.nl\\\/de\\\/\"},{\"@type\":\"ListItem\",\"position\":2,\"name\":\"Boot D\u00fcsseldorf 2026\"}]},{\"@type\":\"WebSite\",\"@id\":\"https:\\\/\\\/www.princess-yachts.nl\\\/de\\\/#website\",\"url\":\"https:\\\/\\\/www.princess-yachts.nl\\\/de\\\/\",\"name\":\"Princess Yachts Benelux BV\",\"description\":\"\",\"potentialAction\":[{\"@type\":\"SearchAction\",\"target\":{\"@type\":\"EntryPoint\",\"urlTemplate\":\"https:\\\/\\\/www.princess-yachts.nl\\\/de\\\/?s={search_term_string}\"},\"query-input\":{\"@type\":\"PropertyValueSpecification\",\"valueRequired\":true,\"valueName\":\"search_term_string\"}}],\"inLanguage\":\"de\"}]}<\/script>\n<!-- \/ Yoast SEO plugin. -->","yoast_head_json":{"title":"Boot D\u00fcsseldorf 2026 - Princess Yachts Benelux BV","robots":{"index":"index","follow":"follow","max-snippet":"max-snippet:-1","max-image-preview":"max-image-preview:large","max-video-preview":"max-video-preview:-1"},"canonical":"https:\/\/www.princess-yachts.nl\/de\/boot-dusseldorf-2026\/","og_locale":"de_DE","og_type":"article","og_title":"Boot D\u00fcsseldorf 2026 - Princess Yachts Benelux BV","og_description":"Samstag 18 januari \u2013 Sonntag 25 januari 2026 Vom 17. bis 25. Januar 2026 findet in der Messe D\u00fcsseldorf die 57. Ausgabe Europas gr\u00f6\u00dfter Wassersportmesse statt: die boot D\u00fcsseldorf. Neun Tage lang ist D\u00fcsseldorf das absolute Zentrum des internationalen Wassersports. Wir laden Sie herzlich ein, an Bord einer wundersch\u00f6nen Auswahl an Yachten zu kommen. Traditionell [&hellip;]","og_url":"https:\/\/www.princess-yachts.nl\/de\/boot-dusseldorf-2026\/","og_site_name":"Princess Yachts Benelux BV","article_modified_time":"2025-12-05T12:54:35+00:00","og_image":[{"width":2048,"height":1126,"url":"https:\/\/www.princess-yachts.nl\/wp-content\/uploads\/2024\/01\/00-key-IMG_2637.jpg","type":"image\/jpeg"}],"twitter_card":"summary_large_image","twitter_misc":{"Gesch\u00e4tzte Lesezeit":"1\u00a0Minute"},"schema":{"@context":"https:\/\/schema.org","@graph":[{"@type":"WebPage","@id":"https:\/\/www.princess-yachts.nl\/de\/boot-dusseldorf-2026\/","url":"https:\/\/www.princess-yachts.nl\/de\/boot-dusseldorf-2026\/","name":"Boot D\u00fcsseldorf 2026 - Princess Yachts Benelux BV","isPartOf":{"@id":"https:\/\/www.princess-yachts.nl\/de\/#website"},"primaryImageOfPage":{"@id":"https:\/\/www.princess-yachts.nl\/de\/boot-dusseldorf-2026\/#primaryimage"},"image":{"@id":"https:\/\/www.princess-yachts.nl\/de\/boot-dusseldorf-2026\/#primaryimage"},"thumbnailUrl":"https:\/\/www.princess-yachts.nl\/wp-content\/uploads\/2024\/01\/00-key-IMG_2637.jpg","datePublished":"2025-01-25T10:45:19+00:00","dateModified":"2025-12-05T12:54:35+00:00","breadcrumb":{"@id":"https:\/\/www.princess-yachts.nl\/de\/boot-dusseldorf-2026\/#breadcrumb"},"inLanguage":"de","potentialAction":[{"@type":"ReadAction","target":["https:\/\/www.princess-yachts.nl\/de\/boot-dusseldorf-2026\/"]}]},{"@type":"ImageObject","inLanguage":"de","@id":"https:\/\/www.princess-yachts.nl\/de\/boot-dusseldorf-2026\/#primaryimage","url":"https:\/\/www.princess-yachts.nl\/wp-content\/uploads\/2024\/01\/00-key-IMG_2637.jpg","contentUrl":"https:\/\/www.princess-yachts.nl\/wp-content\/uploads\/2024\/01\/00-key-IMG_2637.jpg"},{"@type":"BreadcrumbList","@id":"https:\/\/www.princess-yachts.nl\/de\/boot-dusseldorf-2026\/#breadcrumb","itemListElement":[{"@type":"ListItem","position":1,"name":"Home","item":"https:\/\/www.princess-yachts.nl\/de\/"},{"@type":"ListItem","position":2,"name":"Boot D\u00fcsseldorf 2026"}]},{"@type":"WebSite","@id":"https:\/\/www.princess-yachts.nl\/de\/#website","url":"https:\/\/www.princess-yachts.nl\/de\/","name":"Princess Yachts Benelux BV","description":"","potentialAction":[{"@type":"SearchAction","target":{"@type":"EntryPoint","urlTemplate":"https:\/\/www.princess-yachts.nl\/de\/?s={search_term_string}"},"query-input":{"@type":"PropertyValueSpecification","valueRequired":true,"valueName":"search_term_string"}}],"inLanguage":"de"}]}},"_links":{"self":[{"href":"https:\/\/www.princess-yachts.nl\/de\/wp-json\/wp\/v2\/pages\/33327","targetHints":{"allow":["GET"]}}],"collection":[{"href":"https:\/\/www.princess-yachts.nl\/de\/wp-json\/wp\/v2\/pages"}],"about":[{"href":"https:\/\/www.princess-yachts.nl\/de\/wp-json\/wp\/v2\/types\/page"}],"author":[{"embeddable":true,"href":"https:\/\/www.princess-yachts.nl\/de\/wp-json\/wp\/v2\/users\/2"}],"replies":[{"embeddable":true,"href":"https:\/\/www.princess-yachts.nl\/de\/wp-json\/wp\/v2\/comments?post=33327"}],"version-history":[{"count":3,"href":"https:\/\/www.princess-yachts.nl\/de\/wp-json\/wp\/v2\/pages\/33327\/revisions"}],"predecessor-version":[{"id":37684,"href":"https:\/\/www.princess-yachts.nl\/de\/wp-json\/wp\/v2\/pages\/33327\/revisions\/37684"}],"wp:attachment":[{"href":"https:\/\/www.princess-yachts.nl\/de\/wp-json\/wp\/v2\/media?parent=33327"}],"curies":[{"name":"wp","href":"https:\/\/api.w.org\/{rel}","templated":true}]}}