{"id":16663,"date":"2019-04-17T11:40:08","date_gmt":"2019-04-17T09:40:08","guid":{"rendered":"https:\/\/www.princess-yachts.nl\/jachtmakelaardij\/"},"modified":"2022-08-03T14:51:04","modified_gmt":"2022-08-03T12:51:04","slug":"jachtmaklergeschaft","status":"publish","type":"page","link":"https:\/\/www.princess-yachts.nl\/de\/jachtmaklergeschaft\/","title":{"rendered":"Jachtmaklergesch\u00e4ft"},"content":{"rendered":"\n<p>Wir haben mehr als f\u00fcnfzehn Jahre Erfahrung mit dem Verkauf neuer und gebrauchter Yachten. Somit ist Princess Yachts Benelux wirklich ein alter Hase im Bereich \u201eBrokerage Services\u201c. Das ist unserer Meinung nach eine Grundvoraussetzung, da der sorgenfreie Verkauf Ihrer geliebten Yacht an den richtigen K\u00e4ufer und zum richtigen Preis keine Kleinigkeit darstellt. Und professionelle Unterst\u00fctzung bei der Ausstellung und Kontrolle von Zertifikaten, Vertr\u00e4gen und anderen (internationalen) Dokumenten ist sowieso unerl\u00e4sslich.<\/p>\n\n\n\n<p>Wir lenken den Verkauf Ihrer Yacht mit unserem breiten, internationalen und sorgf\u00e4ltig aufgebauten Netzwerk an festen Verkaufs- und Servicepartnern in gute Bahnen. Sie k\u00f6nnen sich au\u00dferdem darauf verlassen, dass Ihre Yacht schnell und sachkundig zuverl\u00e4ssigen Interessenten im In- und Ausland angeboten wird. Wir kennen die Parteien, mit denen wir gerne zusammenarbeiten, und wir kennen die betreffenden Yachten.<\/p>\n\n\n\n<p>Princess Yachts Benelux bietet bewusst ein \u00fcbersichtliches Angebot an gebrauchten Yachten an. Wir sind der \u00dcberzeugung, dass eine intensivere Konzentration auf weniger Yachten viel effektiver ist. Da wir unser Angebot mit der gr\u00f6\u00dften Sorgfalt zusammenstellen, k\u00f6nnen wir sowohl der Yacht als auch dem Eigner mehr Aufmerksamkeit zuteilwerden lassen. Auf diese Weise holen wir mit dem stolzen Verk\u00e4ufer zusammen das Beste aus dem sch\u00f6nen, aber intensiven Verkaufsprozess!<\/p>\n\n\n\n\n","protected":false},"excerpt":{"rendered":"Wir haben mehr als f\u00fcnfzehn Jahre Erfahrung mit dem Verkauf neuer und gebrauchter Yachten. Somit ist Princess Yachts Benelux wirklich ein alter Hase im Bereich \u201eBrokerage Services\u201c. Das ist unserer Meinung nach eine Grundvoraussetzung, da der sorgenfreie Verkauf Ihrer geliebten Yacht an den richtigen K\u00e4ufer und zum richtigen Preis keine Kleinigkeit darstellt. Und professionelle Unterst\u00fctzung [&hellip;]","protected":false},"author":2,"featured_media":0,"parent":0,"menu_order":0,"comment_status":"closed","ping_status":"closed","template":"","meta":{"_acf_changed":false,"footnotes":""},"class_list":["post-16663","page","type-page","status-publish","hentry"],"acf":[],"yoast_head":"<!-- This site is optimized with the Yoast SEO plugin v27.4 - https:\/\/yoast.com\/product\/yoast-seo-wordpress\/ -->\n<title>Jachtmaklergesch\u00e4ft - Princess Yachts Benelux BV<\/title>\n<meta name=\"description\" content=\"Met een breed en internationaal netwerk van vaste verkoop- en servicepartners, leidt Princess Yachts Benelux de verkoop van uw jacht in goede banen. Bovendien bent u met de jachtmakelaardij van Princess Yachts Benelux ervan verzekerd dat uw schip snel en vakkundig wordt aangeboden aan betrouwbare ge\u00efnteresseerden in binnen- en buitenland.\" \/>\n<meta name=\"robots\" content=\"index, follow, max-snippet:-1, max-image-preview:large, max-video-preview:-1\" \/>\n<link rel=\"canonical\" href=\"https:\/\/www.princess-yachts.nl\/de\/jachtmaklergeschaft\/\" \/>\n<meta property=\"og:locale\" content=\"de_DE\" \/>\n<meta property=\"og:type\" content=\"article\" \/>\n<meta property=\"og:title\" content=\"Jachtmaklergesch\u00e4ft - Princess Yachts Benelux BV\" \/>\n<meta property=\"og:description\" content=\"Met een breed en internationaal netwerk van vaste verkoop- en servicepartners, leidt Princess Yachts Benelux de verkoop van uw jacht in goede banen. Bovendien bent u met de jachtmakelaardij van Princess Yachts Benelux ervan verzekerd dat uw schip snel en vakkundig wordt aangeboden aan betrouwbare ge\u00efnteresseerden in binnen- en buitenland.\" \/>\n<meta property=\"og:url\" content=\"https:\/\/www.princess-yachts.nl\/de\/jachtmaklergeschaft\/\" \/>\n<meta property=\"og:site_name\" content=\"Princess Yachts Benelux BV\" \/>\n<meta property=\"article:modified_time\" content=\"2022-08-03T12:51:04+00:00\" \/>\n<meta name=\"twitter:card\" content=\"summary_large_image\" \/>\n<meta name=\"twitter:label1\" content=\"Gesch\u00e4tzte Lesezeit\" \/>\n\t<meta name=\"twitter:data1\" content=\"1\u00a0Minute\" \/>\n<script type=\"application\/ld+json\" class=\"yoast-schema-graph\">{\"@context\":\"https:\\\/\\\/schema.org\",\"@graph\":[{\"@type\":\"WebPage\",\"@id\":\"https:\\\/\\\/www.princess-yachts.nl\\\/de\\\/jachtmaklergeschaft\\\/\",\"url\":\"https:\\\/\\\/www.princess-yachts.nl\\\/de\\\/jachtmaklergeschaft\\\/\",\"name\":\"Jachtmaklergesch\u00e4ft - Princess Yachts Benelux BV\",\"isPartOf\":{\"@id\":\"https:\\\/\\\/www.princess-yachts.nl\\\/de\\\/#website\"},\"datePublished\":\"2019-04-17T09:40:08+00:00\",\"dateModified\":\"2022-08-03T12:51:04+00:00\",\"description\":\"Met een breed en internationaal netwerk van vaste verkoop- en servicepartners, leidt Princess Yachts Benelux de verkoop van uw jacht in goede banen. Bovendien bent u met de jachtmakelaardij van Princess Yachts Benelux ervan verzekerd dat uw schip snel en vakkundig wordt aangeboden aan betrouwbare ge\u00efnteresseerden in binnen- en buitenland.\",\"breadcrumb\":{\"@id\":\"https:\\\/\\\/www.princess-yachts.nl\\\/de\\\/jachtmaklergeschaft\\\/#breadcrumb\"},\"inLanguage\":\"de\",\"potentialAction\":[{\"@type\":\"ReadAction\",\"target\":[\"https:\\\/\\\/www.princess-yachts.nl\\\/de\\\/jachtmaklergeschaft\\\/\"]}]},{\"@type\":\"BreadcrumbList\",\"@id\":\"https:\\\/\\\/www.princess-yachts.nl\\\/de\\\/jachtmaklergeschaft\\\/#breadcrumb\",\"itemListElement\":[{\"@type\":\"ListItem\",\"position\":1,\"name\":\"Home\",\"item\":\"https:\\\/\\\/www.princess-yachts.nl\\\/de\\\/\"},{\"@type\":\"ListItem\",\"position\":2,\"name\":\"Jachtmaklergesch\u00e4ft\"}]},{\"@type\":\"WebSite\",\"@id\":\"https:\\\/\\\/www.princess-yachts.nl\\\/de\\\/#website\",\"url\":\"https:\\\/\\\/www.princess-yachts.nl\\\/de\\\/\",\"name\":\"Princess Yachts Benelux BV\",\"description\":\"\",\"potentialAction\":[{\"@type\":\"SearchAction\",\"target\":{\"@type\":\"EntryPoint\",\"urlTemplate\":\"https:\\\/\\\/www.princess-yachts.nl\\\/de\\\/?s={search_term_string}\"},\"query-input\":{\"@type\":\"PropertyValueSpecification\",\"valueRequired\":true,\"valueName\":\"search_term_string\"}}],\"inLanguage\":\"de\"}]}<\/script>\n<!-- \/ Yoast SEO plugin. -->","yoast_head_json":{"title":"Jachtmaklergesch\u00e4ft - Princess Yachts Benelux BV","description":"Met een breed en internationaal netwerk van vaste verkoop- en servicepartners, leidt Princess Yachts Benelux de verkoop van uw jacht in goede banen. Bovendien bent u met de jachtmakelaardij van Princess Yachts Benelux ervan verzekerd dat uw schip snel en vakkundig wordt aangeboden aan betrouwbare ge\u00efnteresseerden in binnen- en buitenland.","robots":{"index":"index","follow":"follow","max-snippet":"max-snippet:-1","max-image-preview":"max-image-preview:large","max-video-preview":"max-video-preview:-1"},"canonical":"https:\/\/www.princess-yachts.nl\/de\/jachtmaklergeschaft\/","og_locale":"de_DE","og_type":"article","og_title":"Jachtmaklergesch\u00e4ft - Princess Yachts Benelux BV","og_description":"Met een breed en internationaal netwerk van vaste verkoop- en servicepartners, leidt Princess Yachts Benelux de verkoop van uw jacht in goede banen. Bovendien bent u met de jachtmakelaardij van Princess Yachts Benelux ervan verzekerd dat uw schip snel en vakkundig wordt aangeboden aan betrouwbare ge\u00efnteresseerden in binnen- en buitenland.","og_url":"https:\/\/www.princess-yachts.nl\/de\/jachtmaklergeschaft\/","og_site_name":"Princess Yachts Benelux BV","article_modified_time":"2022-08-03T12:51:04+00:00","twitter_card":"summary_large_image","twitter_misc":{"Gesch\u00e4tzte Lesezeit":"1\u00a0Minute"},"schema":{"@context":"https:\/\/schema.org","@graph":[{"@type":"WebPage","@id":"https:\/\/www.princess-yachts.nl\/de\/jachtmaklergeschaft\/","url":"https:\/\/www.princess-yachts.nl\/de\/jachtmaklergeschaft\/","name":"Jachtmaklergesch\u00e4ft - Princess Yachts Benelux BV","isPartOf":{"@id":"https:\/\/www.princess-yachts.nl\/de\/#website"},"datePublished":"2019-04-17T09:40:08+00:00","dateModified":"2022-08-03T12:51:04+00:00","description":"Met een breed en internationaal netwerk van vaste verkoop- en servicepartners, leidt Princess Yachts Benelux de verkoop van uw jacht in goede banen. Bovendien bent u met de jachtmakelaardij van Princess Yachts Benelux ervan verzekerd dat uw schip snel en vakkundig wordt aangeboden aan betrouwbare ge\u00efnteresseerden in binnen- en buitenland.","breadcrumb":{"@id":"https:\/\/www.princess-yachts.nl\/de\/jachtmaklergeschaft\/#breadcrumb"},"inLanguage":"de","potentialAction":[{"@type":"ReadAction","target":["https:\/\/www.princess-yachts.nl\/de\/jachtmaklergeschaft\/"]}]},{"@type":"BreadcrumbList","@id":"https:\/\/www.princess-yachts.nl\/de\/jachtmaklergeschaft\/#breadcrumb","itemListElement":[{"@type":"ListItem","position":1,"name":"Home","item":"https:\/\/www.princess-yachts.nl\/de\/"},{"@type":"ListItem","position":2,"name":"Jachtmaklergesch\u00e4ft"}]},{"@type":"WebSite","@id":"https:\/\/www.princess-yachts.nl\/de\/#website","url":"https:\/\/www.princess-yachts.nl\/de\/","name":"Princess Yachts Benelux BV","description":"","potentialAction":[{"@type":"SearchAction","target":{"@type":"EntryPoint","urlTemplate":"https:\/\/www.princess-yachts.nl\/de\/?s={search_term_string}"},"query-input":{"@type":"PropertyValueSpecification","valueRequired":true,"valueName":"search_term_string"}}],"inLanguage":"de"}]}},"_links":{"self":[{"href":"https:\/\/www.princess-yachts.nl\/de\/wp-json\/wp\/v2\/pages\/16663","targetHints":{"allow":["GET"]}}],"collection":[{"href":"https:\/\/www.princess-yachts.nl\/de\/wp-json\/wp\/v2\/pages"}],"about":[{"href":"https:\/\/www.princess-yachts.nl\/de\/wp-json\/wp\/v2\/types\/page"}],"author":[{"embeddable":true,"href":"https:\/\/www.princess-yachts.nl\/de\/wp-json\/wp\/v2\/users\/2"}],"replies":[{"embeddable":true,"href":"https:\/\/www.princess-yachts.nl\/de\/wp-json\/wp\/v2\/comments?post=16663"}],"version-history":[{"count":2,"href":"https:\/\/www.princess-yachts.nl\/de\/wp-json\/wp\/v2\/pages\/16663\/revisions"}],"predecessor-version":[{"id":22259,"href":"https:\/\/www.princess-yachts.nl\/de\/wp-json\/wp\/v2\/pages\/16663\/revisions\/22259"}],"wp:attachment":[{"href":"https:\/\/www.princess-yachts.nl\/de\/wp-json\/wp\/v2\/media?parent=16663"}],"curies":[{"name":"wp","href":"https:\/\/api.w.org\/{rel}","templated":true}]}}